{"id":961,"date":"2019-10-23T12:23:00","date_gmt":"2019-10-23T09:23:00","guid":{"rendered":"http:\/\/www.termonen.eu\/?page_id=961"},"modified":"2025-10-27T20:08:24","modified_gmt":"2025-10-27T18:08:24","slug":"usa-1967-8","status":"publish","type":"page","link":"https:\/\/www.termonen.eu\/?page_id=961","title":{"rendered":"USA 1967-8"},"content":{"rendered":"\n<p>Olin <a href=\"https:\/\/yfu.fi\/\">Youth for Understanding<\/a> &#8211; vaihto-oppilaana <a href=\"https:\/\/www.traveliowa.com\/\">Iowassa<\/a> Cedar Fallsissa Warren ja Luella Schulerin perheess\u00e4. Vanhempieni lis\u00e4ksi perheeseen kuului isosisko Sharon ja pikkuveli Doug. Doug oli luokkatoverini Northern University High School -koulussa.<br><em>I was an exchange student in <a href=\"http:\/\/www.cedarfalls.com\/\">Cedar Falls, Iowa.<\/a> Warren and Luella Schuler were my parents. I had a sister, Sharon and a brother, Doug. Sharon had graduated and Doug was a senior like me at NUHS. Our home was at <a href=\"https:\/\/her.is\/2t3M2lf\">1305 W. 19th St.<\/a><\/em><br><\/p>\n\n\n\n<p>Koulun Carnival -musikaalista minulla on kelanauhalla sen loppuosa. Digitoin sen mp3-muotoon. Hyllyst\u00e4 l\u00f6ytyy Carnival-kirja, josta skannasin \u00e4\u00e4nitteen sivut eli voinet kuunnella ja seurata kirjasta. Avaa PDF ensin ja aloita kuuntelu t\u00e4m\u00e4n j\u00e4lkeen. <br>Lis\u00e4ksi kuvasin koulun vuosikirjasta musikaali-sivut.<br><em>I digitized my reel tape of the latter part of Carnival as mp3. I also took photos of the yearbook and scanned the pages of the book that are in the recording.  I think you can listen and read at the same time.<\/em> <br><em>Open the book PDF first and start the recording after that.<\/em><br><strong>NB Please open the links in a document in a new window. Close after reading. <\/strong><br><strong>Otherwise you have to upload the document again. Saves time and nerves.<\/strong><br><strong><a href=\"https:\/\/www.termonen.eu\/wp-content\/uploads\/2019\/10\/USA-1967-8-photos-Part-1.pdf\">Photos. Part 1<\/a><\/strong><br><strong><a href=\"https:\/\/www.termonen.eu\/wp-content\/uploads\/2019\/10\/USA-1967-8-photos-Part-2-1.pdf\">Photos. Part 2<\/a><\/strong><br><strong><a href=\"https:\/\/www.termonen.eu\/wp-content\/uploads\/2019\/10\/USA-1967-8-photos-Part-3.pdf\">Photos. Part 3<\/a><\/strong><br><strong><a href=\"https:\/\/www.termonen.eu\/wp-content\/uploads\/2019\/10\/USA-1967-8-Photos-Part-4.pdf\">Photos. Part 4<\/a><\/strong><br><strong><a href=\"https:\/\/www.termonen.eu\/wp-content\/uploads\/2019\/10\/USA-1967-8-Photos-Part-5.pdf\">Photos. Part 5<\/a><\/strong><br><strong><a href=\"https:\/\/www.termonen.eu\/wp-content\/uploads\/2019\/10\/USA-1967-8-Photos-Part-6.pdf\">Photos. Part 6<\/a><\/strong><br><strong><a href=\"https:\/\/www.termonen.eu\/wp-content\/uploads\/2019\/10\/USA-1967-8-Photos-Part-7.pdf\">Photos. Part 7<\/a><\/strong><br><strong><a href=\"https:\/\/www.termonen.eu\/wp-content\/uploads\/2019\/10\/USA-1967-8-Photos-Part-8.pdf\">Photos. Part 8<\/a><\/strong><br><strong><a href=\"https:\/\/www.termonen.eu\/wp-content\/uploads\/2025\/08\/USA-1967-68-memorabilia.pdf\">US memorabilia<\/a><\/strong><br><strong><a href=\"https:\/\/www.termonen.eu\/wp-content\/uploads\/2025\/08\/USA-1967-68-memorabilia-2.pdf\">US memorabilia 2<\/a><\/strong><br><strong><a href=\"https:\/\/www.termonen.eu\/wp-content\/uploads\/2025\/10\/Aurelia.pdf\">m\/s Aurelia 30.7.-8.8.1968<\/a><\/strong><\/p>\n\n\n\n<p><a href=\"https:\/\/www.termonen.eu\/wp-content\/uploads\/2019\/10\/Carnival-photos-from-the-yearbook.pdf\">Kuvia musikaalista (Carnival photos from the yearbook)<\/a> <br><a href=\"https:\/\/www.termonen.eu\/wp-content\/uploads\/2019\/10\/Carnival-supistettu.pdf\">Carnival-kirja (Carnival, pages from the book)<\/a><br><a href=\"https:\/\/www.termonen.eu\/wp-content\/uploads\/2019\/10\/Carnival-VAHVISTETTU-1.mp3\">Carnival-\u00e4\u00e4nite (Carnival, 41 minutes)<\/a><br><a href=\"https:\/\/www.termonen.eu\/wp-content\/uploads\/2019\/10\/Commencement-exercises-29.5.1968.mp3\">Commencement Exercises (26 minutes) May 29, 1968<\/a><br><a href=\"https:\/\/www.termonen.eu\/wp-content\/uploads\/2019\/10\/NUHS-Reflections-68-part-1.pdf\">Reflections 68 Part 1<\/a><br><a href=\"https:\/\/www.termonen.eu\/wp-content\/uploads\/2019\/10\/NUHS-Reflections-68-part-2.pdf\">Reflections 68 Part 2<\/a><br><a href=\"https:\/\/www.termonen.eu\/wp-content\/uploads\/2020\/02\/Weather-in-Cedar-Falls-Dec.-1967-July-1968.pdf\">Weather, Dec. 1967 &#8211; July 1968<\/a><\/p>\n\n\n\n<p><\/p>\n","protected":false},"excerpt":{"rendered":"<p>Olin Youth for Understanding &#8211; vaihto-oppilaana Iowassa Cedar Fallsissa Warren ja Luella Schulerin perheess\u00e4. Vanhempieni lis\u00e4ksi perheeseen kuului isosisko Sharon ja pikkuveli Doug. Doug oli luokkatoverini Northern University High School -koulussa.I was an exchange student in Cedar Falls, Iowa. Warren &hellip; <a href=\"https:\/\/www.termonen.eu\/?page_id=961\">Lue loppuun <span class=\"meta-nav\">&rarr;<\/span><\/a><\/p>\n","protected":false},"author":1,"featured_media":0,"parent":0,"menu_order":0,"comment_status":"closed","ping_status":"closed","template":"","meta":{"footnotes":""},"categories":[],"tags":[],"class_list":["post-961","page","type-page","status-publish","hentry"],"_links":{"self":[{"href":"https:\/\/www.termonen.eu\/index.php?rest_route=\/wp\/v2\/pages\/961","targetHints":{"allow":["GET"]}}],"collection":[{"href":"https:\/\/www.termonen.eu\/index.php?rest_route=\/wp\/v2\/pages"}],"about":[{"href":"https:\/\/www.termonen.eu\/index.php?rest_route=\/wp\/v2\/types\/page"}],"author":[{"embeddable":true,"href":"https:\/\/www.termonen.eu\/index.php?rest_route=\/wp\/v2\/users\/1"}],"replies":[{"embeddable":true,"href":"https:\/\/www.termonen.eu\/index.php?rest_route=%2Fwp%2Fv2%2Fcomments&post=961"}],"version-history":[{"count":44,"href":"https:\/\/www.termonen.eu\/index.php?rest_route=\/wp\/v2\/pages\/961\/revisions"}],"predecessor-version":[{"id":2842,"href":"https:\/\/www.termonen.eu\/index.php?rest_route=\/wp\/v2\/pages\/961\/revisions\/2842"}],"wp:attachment":[{"href":"https:\/\/www.termonen.eu\/index.php?rest_route=%2Fwp%2Fv2%2Fmedia&parent=961"}],"wp:term":[{"taxonomy":"category","embeddable":true,"href":"https:\/\/www.termonen.eu\/index.php?rest_route=%2Fwp%2Fv2%2Fcategories&post=961"},{"taxonomy":"post_tag","embeddable":true,"href":"https:\/\/www.termonen.eu\/index.php?rest_route=%2Fwp%2Fv2%2Ftags&post=961"}],"curies":[{"name":"wp","href":"https:\/\/api.w.org\/{rel}","templated":true}]}}