{"id":96,"date":"2018-09-17T12:32:19","date_gmt":"2018-09-17T12:32:19","guid":{"rendered":"http:\/\/www.termonen.eu\/?page_id=96"},"modified":"2025-07-25T10:17:52","modified_gmt":"2025-07-25T07:17:52","slug":"readingrockrunning","status":"publish","type":"page","link":"https:\/\/www.termonen.eu\/?page_id=96","title":{"rendered":"ReadingRockRunning"},"content":{"rendered":"<p><a href=\"https:\/\/www.termonen.eu\/wp-content\/uploads\/2020\/11\/Leikekansio-OSA-1-1960-1969.pdf\">Leikekansio<strong> OSA 1 (1960-1969)<\/strong><\/a><\/p>\n<p><strong><a href=\"https:\/\/www.termonen.eu\/wp-content\/uploads\/2018\/10\/Leikekansio-OSA-2-1970-1974.pdf\">Leikekansio OSA 2 (1970-1974)<\/a><\/strong><\/p>\n<p><strong><a href=\"https:\/\/www.termonen.eu\/wp-content\/uploads\/2018\/10\/Leikekansio-OSA-3-1975.pdf\">Leikekansio OSA 3 (1975)<\/a><\/strong><\/p>\n<p><strong><a href=\"https:\/\/www.termonen.eu\/wp-content\/uploads\/2018\/11\/Leikekansio-OSA-4-1976.pdf\">Leikekansio OSA 4 (1976)<\/a><\/strong><\/p>\n<p><strong><a href=\"https:\/\/www.termonen.eu\/wp-content\/uploads\/2021\/09\/Leikekansio-OSA-5-1977-1.pdf\">Leikekansio OSA 5 (1977)<\/a><\/strong><\/p>\n<p><strong><a href=\"https:\/\/www.termonen.eu\/wp-content\/uploads\/2018\/11\/Leikekansio-OSA-6-1978-alkuvuosi.pdf\">Leikekansio OSA 6 (1978 alkuvuosi)<\/a><\/strong><\/p>\n<p><strong><a href=\"https:\/\/www.termonen.eu\/wp-content\/uploads\/2018\/11\/Leikekansio-OSA-7-1978-loppuvuosi.pdf\">Leikekansio OSA 7 (1978 loppuvuosi)<\/a><\/strong><\/p>\n<p><strong><a href=\"https:\/\/www.termonen.eu\/wp-content\/uploads\/2018\/11\/Leikekansio-OSA-8-1979.pdf\">Leikekansio OSA 8 (1979)<\/a><\/strong><\/p>\n<p><strong><a href=\"https:\/\/www.termonen.eu\/wp-content\/uploads\/2018\/11\/Leikekansio-OSA-9-1980.pdf\">Leikekansio OSA 9 (1980)<\/a><\/strong><\/p>\n<p><strong><a href=\"https:\/\/www.termonen.eu\/wp-content\/uploads\/2018\/11\/Leikekansio-OSA-10-1981.pdf\">Leikekansio OSA 10 (1981)<\/a><\/strong><\/p>\n<p><strong><a href=\"https:\/\/www.termonen.eu\/wp-content\/uploads\/2018\/11\/Leikekansio-OSA-11-1982.pdf\">Leikekansio OSA 11 (1982)<\/a><\/strong><\/p>\n<p><strong><a href=\"https:\/\/www.termonen.eu\/wp-content\/uploads\/2018\/11\/Leikekansio-OSA-12-1983.pdf\">Leikekansio OSA 12 (1983)<\/a><\/strong><\/p>\n<p><strong><a href=\"https:\/\/www.termonen.eu\/wp-content\/uploads\/2018\/11\/Leikekansio-OSA-13-1984.pdf\">Leikekansio OSA 13 (1984)<\/a><\/strong><\/p>\n<p><strong><a href=\"https:\/\/www.termonen.eu\/wp-content\/uploads\/2018\/11\/Leikekansio-OSA-14-1985.pdf\">Leikekansio OSA 14 (1985)<\/a><\/strong><\/p>\n<p><strong><a href=\"https:\/\/www.termonen.eu\/wp-content\/uploads\/2018\/11\/Leikekansio-OSA-15-1986.pdf\">Leikekansio OSA 15 (1986)<\/a><\/strong><\/p>\n<p><strong><a href=\"https:\/\/www.termonen.eu\/wp-content\/uploads\/2018\/11\/Leikekansio-OSA-16-1987.pdf\">Leikekansio OSA 16 (1987)<\/a><\/strong><\/p>\n<p><strong><a href=\"https:\/\/www.termonen.eu\/wp-content\/uploads\/2018\/11\/Leikekansio-OSA-17-1988.pdf\">Leikekansio OSA 17 (1988)<\/a><\/strong><\/p>\n<p><strong><a href=\"https:\/\/www.termonen.eu\/wp-content\/uploads\/2018\/11\/Leikekansio-OSA-18-1989.pdf\">Leikekansio OSA 18 (1989)<\/a><\/strong><\/p>\n<p><strong><a href=\"https:\/\/www.termonen.eu\/wp-content\/uploads\/2018\/11\/Leikekansio-OSA-19-1990.pdf\">Leikekansio OSA 19 (1990)<\/a><\/strong><\/p>\n<p><strong><a href=\"https:\/\/www.termonen.eu\/wp-content\/uploads\/2018\/11\/Leikekansio-OSA-20-1991.pdf\">Leikekansio OSA 20 (1991)<\/a><\/strong><\/p>\n<p><strong><a href=\"https:\/\/www.termonen.eu\/wp-content\/uploads\/2018\/11\/Leikekansio-OSA-21-1992.pdf\">Leikekansio OSA 21 (1992)<\/a><\/strong><\/p>\n<p><strong><a href=\"https:\/\/www.termonen.eu\/wp-content\/uploads\/2018\/11\/Leikekansio-OSA-22-1993.pdf\">Leikekansio OSA 22 (1993)<\/a><\/strong><\/p>\n<p><strong><a href=\"https:\/\/www.termonen.eu\/wp-content\/uploads\/2018\/11\/Leikekansio-OSA-23-1994.pdf\">Leikekansio OSA 23 (1994)<\/a><\/strong><\/p>\n<p><strong><a href=\"https:\/\/www.termonen.eu\/wp-content\/uploads\/2018\/11\/Leikekansio-OSA-24-1995.pdf\">Leikekansio OSA 24 (1995)<\/a><\/strong><\/p>\n<p><strong><a href=\"https:\/\/www.termonen.eu\/wp-content\/uploads\/2018\/11\/Leikekansio-OSA-25-1996-1997.pdf\">Leikekansio OSA 25 (1996-1997)<\/a><\/strong><\/p>\n<p><strong><a href=\"https:\/\/www.termonen.eu\/wp-content\/uploads\/2018\/11\/Leikekansio-OSA-26-1998.pdf\">Leikekansio OSA 26 (1998)<\/a><\/strong><\/p>\n<p><strong><a href=\"https:\/\/www.termonen.eu\/wp-content\/uploads\/2018\/11\/Leikekansio-OSA-27-1999.pdf\">Leikekansio OSA 27 (1999)<\/a><\/strong><\/p>\n<p><strong><a href=\"https:\/\/www.termonen.eu\/wp-content\/uploads\/2018\/11\/Leikekansio-OSA-28-2000-1.pdf\">Leikekansio OSA 28 (2000)<\/a><\/strong><\/p>\n<p><strong><a href=\"https:\/\/www.termonen.eu\/wp-content\/uploads\/2018\/11\/Leikekansio-OSA-29-2001.pdf\">Leikekansio OSA 29 (2001)<\/a><\/strong><\/p>\n<p><strong><a href=\"https:\/\/www.termonen.eu\/wp-content\/uploads\/2018\/11\/Leikekansio-OSA-30-2002.pdf\">Leikekansio OSA 30 (2002)<\/a><\/strong><\/p>\n<p><strong><a href=\"https:\/\/www.termonen.eu\/wp-content\/uploads\/2018\/11\/Leikekansio-OSA-31-2003.pdf\">Leikekansio OSA 31 (2003)<\/a><\/strong><\/p>\n<p><strong><a href=\"https:\/\/www.termonen.eu\/wp-content\/uploads\/2018\/11\/Leikekansio-OSA-32-2004.pdf\">Leikekansio OSA 32 (2004)<\/a><\/strong><\/p>\n<p><strong><a href=\"https:\/\/www.termonen.eu\/wp-content\/uploads\/2018\/11\/Leikekansio-OSA-33-2005.pdf\">Leikekansio OSA 33 (2005)<\/a><\/strong><\/p>\n<p><strong><a href=\"https:\/\/www.termonen.eu\/wp-content\/uploads\/2018\/12\/Leikekansio-OSA-34-2006-2007.pdf\">Leikekansio OSA 34 (2006-2007)<\/a><\/strong><\/p>\n<p><strong><a href=\"https:\/\/www.termonen.eu\/wp-content\/uploads\/2018\/12\/Leikekansio-OSA-35-2008-2009.pdf\">Leikekansio OSA 35 (2008-2009)<\/a><\/strong><\/p>\n<p><strong><a href=\"https:\/\/www.termonen.eu\/wp-content\/uploads\/2018\/12\/Leikekansio-OSA-36-2010-2011.pdf\">Leikekansio OSA 36 (2010-2011)<\/a><\/strong><\/p>\n<p><strong><a href=\"https:\/\/www.termonen.eu\/wp-content\/uploads\/2018\/12\/Leikekansio-OSA-37-2012.pdf\">Leikekansio OSA 37 (2012)<\/a><\/strong><\/p>\n<p><strong><a href=\"https:\/\/www.termonen.eu\/wp-content\/uploads\/2018\/12\/Leikekansio-OSA-38-2013-2014.pdf\">Leikekansio OSA 38 (2013-2014)<\/a><\/strong><\/p>\n<p><strong><a href=\"https:\/\/www.termonen.eu\/wp-content\/uploads\/2025\/07\/Leikekansio-OSA-39-2015-2016.pdf\">Leikekansio OSA 39 (2015-2016)<\/a><\/strong><\/p>\n<p><strong><a href=\"https:\/\/www.termonen.eu\/wp-content\/uploads\/2021\/07\/Leikekansio-OSA-40-2017-2019.pdf\">Leikekansio OSA 40 (2017-2019)<\/a><\/strong><\/p>\n<p><a href=\"https:\/\/www.termonen.eu\/wp-content\/uploads\/2023\/01\/Leikekansio-OSA-41-2020-2021.pdf\"><strong>Leikekansio OSA 41 (2020-2021)<\/strong><\/a><\/p>\n<p><a href=\"https:\/\/www.termonen.eu\/wp-content\/uploads\/2023\/02\/Leikekansio-OSA-42-2022.pdf\"><strong>Leikekansio OSA 42 (2022)<\/strong><\/a><\/p>\n<p><strong><a href=\"https:\/\/www.termonen.eu\/wp-content\/uploads\/2024\/01\/Leikekansio-OSA-43-2023.pdf\">Leikekansio OSA 43 (2023)<\/a><\/strong><\/p>\n<p><strong><a href=\"https:\/\/www.termonen.eu\/wp-content\/uploads\/2024\/12\/Leikekansio-OSA-44-2024.pdf\">Leikekansio OSA 44 (2024)<\/a><\/strong><\/p>\n<p><strong><a href=\"https:\/\/www.termonen.eu\/wp-content\/uploads\/2021\/06\/Karjalainen-18.6.2021.pdf\">Suomi-juoksu 2021<\/a> (k\u00e4\u00e4nn\u00f6s Karjalaisen artikkelista 18.6.2021)<\/strong><\/p>\n<p><strong><a href=\"https:\/\/pekanpyrahdys.vuodatus.net\/\">Pekan Pyr\u00e4hdys Kannonkoskella 2010-2018<\/a><\/strong><\/p>\n<p><a href=\"https:\/\/www.termonen.eu\/wp-content\/uploads\/2019\/09\/Walk-17.9.2019.pdf\">K\u00e4vely 17.9.2019 &#8211; Walk<\/a><br \/><a href=\"https:\/\/www.termonen.eu\/wp-content\/uploads\/2019\/10\/Retki-30.9.2019-Hike-Sept.-30.pdf\">K\u00e4vely 30.9.2019 &#8211; Walk<\/a><br \/><a href=\"https:\/\/www.termonen.eu\/wp-content\/uploads\/2022\/09\/UltraSisun-leiti-2022-OSA-1.pdf\"><strong>UltraSisun leiri 16.-18.9.2022 OSA 1<\/strong><\/a><\/p>\n<p><a href=\"https:\/\/www.termonen.eu\/wp-content\/uploads\/2018\/09\/ReadingRockRunning-kolumnit.pdf\">ReadingRockRunning-kolumnit<\/a><br \/>Ilmestyiv\u00e4t <a href=\"https:\/\/www.saarijarvelainen.fi\/\">Saarij\u00e4rvel\u00e4isess\u00e4<\/a><\/p>\n<p><strong><a href=\"https:\/\/www.termonen.eu\/wp-content\/uploads\/2018\/10\/Keski-Suomen-Sotaveteraanin-Joulu-2014.pdf\">Keski-Suomen Sotaveteraanin Joulu 2014<\/a><\/strong><\/p>\n<p><a href=\"https:\/\/www.termonen.eu\/wp-content\/uploads\/2018\/10\/Radiomuistoja-13.10.2018-Karjalaisessa.pdf\">Radiomuistoja 13.10.2018 Karjalaisessa<\/a><br \/>Kiitos julkaisuluvasta\u00a0<a href=\"https:\/\/www.karjalainen.fi\/\">Karjalainen<\/a><\/p>\n<p>YLE Etel\u00e4-Savo. Omat levyt 21.11.1994.\u00a0<strong>Lataa ja kuuntele.<br \/><a href=\"https:\/\/www.termonen.eu\/wp-content\/uploads\/2018\/10\/Omat-levyt-1.wma\">Omat levyt 1<\/a><br \/><a href=\"https:\/\/www.termonen.eu\/wp-content\/uploads\/2018\/10\/Omat-levyt-2.wma\">Omat levyt 2<\/a><br \/><\/strong><\/p>\n<p><a href=\"https:\/\/www.termonen.eu\/wp-content\/uploads\/2019\/02\/Kasvisto.pdf\">Kasvisto (Flora)<\/a>. N\u00e4m\u00e4 olin s\u00e4ilytt\u00e4nyt vuosilta 1961-2. AVAA linkit uuteen ikkunaan.<\/p>\n\n\n<p><\/p>\n","protected":false},"excerpt":{"rendered":"<p>Leikekansio OSA 1 (1960-1969) Leikekansio OSA 2 (1970-1974) Leikekansio OSA 3 (1975) Leikekansio OSA 4 (1976) Leikekansio OSA 5 (1977) Leikekansio OSA 6 (1978 alkuvuosi) Leikekansio OSA 7 (1978 loppuvuosi) Leikekansio OSA 8 (1979) Leikekansio OSA 9 (1980) Leikekansio OSA &hellip; <a href=\"https:\/\/www.termonen.eu\/?page_id=96\">Lue loppuun <span class=\"meta-nav\">&rarr;<\/span><\/a><\/p>\n","protected":false},"author":1,"featured_media":0,"parent":0,"menu_order":0,"comment_status":"closed","ping_status":"closed","template":"","meta":{"footnotes":""},"categories":[],"tags":[],"class_list":["post-96","page","type-page","status-publish","hentry"],"_links":{"self":[{"href":"https:\/\/www.termonen.eu\/index.php?rest_route=\/wp\/v2\/pages\/96","targetHints":{"allow":["GET"]}}],"collection":[{"href":"https:\/\/www.termonen.eu\/index.php?rest_route=\/wp\/v2\/pages"}],"about":[{"href":"https:\/\/www.termonen.eu\/index.php?rest_route=\/wp\/v2\/types\/page"}],"author":[{"embeddable":true,"href":"https:\/\/www.termonen.eu\/index.php?rest_route=\/wp\/v2\/users\/1"}],"replies":[{"embeddable":true,"href":"https:\/\/www.termonen.eu\/index.php?rest_route=%2Fwp%2Fv2%2Fcomments&post=96"}],"version-history":[{"count":88,"href":"https:\/\/www.termonen.eu\/index.php?rest_route=\/wp\/v2\/pages\/96\/revisions"}],"predecessor-version":[{"id":2775,"href":"https:\/\/www.termonen.eu\/index.php?rest_route=\/wp\/v2\/pages\/96\/revisions\/2775"}],"wp:attachment":[{"href":"https:\/\/www.termonen.eu\/index.php?rest_route=%2Fwp%2Fv2%2Fmedia&parent=96"}],"wp:term":[{"taxonomy":"category","embeddable":true,"href":"https:\/\/www.termonen.eu\/index.php?rest_route=%2Fwp%2Fv2%2Fcategories&post=96"},{"taxonomy":"post_tag","embeddable":true,"href":"https:\/\/www.termonen.eu\/index.php?rest_route=%2Fwp%2Fv2%2Ftags&post=96"}],"curies":[{"name":"wp","href":"https:\/\/api.w.org\/{rel}","templated":true}]}}