{"id":696,"date":"2018-12-19T18:07:06","date_gmt":"2018-12-19T16:07:06","guid":{"rendered":"http:\/\/www.termonen.eu\/?page_id=696"},"modified":"2024-12-25T16:53:07","modified_gmt":"2024-12-25T14:53:07","slug":"kirjallisuutta","status":"publish","type":"page","link":"https:\/\/www.termonen.eu\/?page_id=696","title":{"rendered":"Kirjoja, lehti\u00e4, &#8230;"},"content":{"rendered":"\n<p>Termonen lahtelaisissa sanomalehdiss\u00e4<br><strong><a href=\"https:\/\/www.termonen.eu\/wp-content\/uploads\/2024\/11\/Termonen-lahtelaisissa-sanomalehdissa-OSA-1.pdf\">OSA 1<\/a><\/strong> <strong><a href=\"https:\/\/www.termonen.eu\/wp-content\/uploads\/2024\/11\/Termonen-lahtelaisissa-sanomalehdissa-OSA-2.pdf\">OSA 2<\/a><\/strong> <strong><a href=\"https:\/\/www.termonen.eu\/wp-content\/uploads\/2024\/11\/Termonen-lahtelaisissa-sanomalehdissa-OSA-3.pdf\">OSA 3<\/a><\/strong> <a href=\"https:\/\/www.termonen.eu\/wp-content\/uploads\/2024\/11\/Termonen-lahtelaisissa-sanomalehdissa-OSA-4.pdf\"> <strong>OSA 4<\/strong><\/a> <a href=\"https:\/\/www.termonen.eu\/wp-content\/uploads\/2024\/11\/Termonen-lahtelaisissa-sanomalehdissa-OSA-5.pdf\"> <strong>OSA 5<\/strong><\/a> <strong><a href=\"https:\/\/www.termonen.eu\/wp-content\/uploads\/2024\/11\/Termonen-lahtelaisissa-sanomalehdissa-OSA-6.pdf\">OSA 6<\/a><\/strong> <strong><a href=\"https:\/\/www.termonen.eu\/wp-content\/uploads\/2024\/11\/Termonen-lahtelaisissa-sanomalehdissa-OSA-7.pdf\">OSA 7<\/a><\/strong> <strong><a href=\"https:\/\/www.termonen.eu\/wp-content\/uploads\/2024\/12\/Termonen-lahtelaisissa-sanomalehdissa-OSA-8.pdf\">OSA 8<\/a><\/strong> <strong><a href=\"https:\/\/www.termonen.eu\/wp-content\/uploads\/2024\/12\/Termonen-lahtelaisissa-sanomalehdissa-OSA-9.pdf\">OSA 9<\/a><\/strong> <strong><a href=\"https:\/\/www.termonen.eu\/wp-content\/uploads\/2024\/12\/Termonen-lahtelaisissa-sanomalehdissa-OSA-10.pdf\">OSA 10<\/a><\/strong> <strong><a href=\"https:\/\/www.termonen.eu\/wp-content\/uploads\/2024\/12\/Termonen-lahtelaisissa-sanomalehdissa-OSA-11.pdf\">OSA 11<\/a><\/strong><br><strong><a href=\"https:\/\/www.termonen.eu\/wp-content\/uploads\/2024\/12\/Termonen-lahtelaisissa-sanomalehdissa-OSA-12.pdf\">OSA 12<\/a><\/strong><\/p>\n\n\n\n<p>Kirjahyllymme aarteita: Rapola, F. O. 1908. H\u00e4me. Helsinki: Kansanvalistusseura<br><a href=\"https:\/\/www.termonen.eu\/wp-content\/uploads\/2019\/02\/H\u00e4me-kartat.pdf\">Kartat<\/a><br><a href=\"https:\/\/www.termonen.eu\/wp-content\/uploads\/2019\/02\/H\u00e4me-Vesist\u00f6t.pdf\">Vesist\u00f6t<\/a><br><a href=\"https:\/\/www.termonen.eu\/wp-content\/uploads\/2019\/02\/H\u00e4me-Lammi-Hollola-ja-Lahti.pdf\">Lammi, Hollola ja Lahti<\/a><br><a href=\"https:\/\/www.termonen.eu\/wp-content\/uploads\/2019\/02\/H\u00e4me-Orimattila-Nastola-Heinolan-pit\u00e4j\u00e4-ja-Heinolan-kaupunki.pdf\">Orimattila, Nastola, Heinolan pit\u00e4j\u00e4 ja Heinolan kaupunki<\/a><br><a href=\"https:\/\/www.termonen.eu\/wp-content\/uploads\/2019\/02\/H\u00e4me-Keski-Suomi-Jyv\u00e4skyl\u00e4n-pit\u00e4j\u00e4-Jyv\u00e4skyl\u00e4n-kaupunki-Pet\u00e4j\u00e4vesi-ja-Laukaa.pdf\">Keski-Suomi: Jyv\u00e4skyl\u00e4n pit\u00e4j\u00e4, Jyv\u00e4skyl\u00e4n kaupunki, Pet\u00e4j\u00e4vesi ja Laukaa<\/a><br><a href=\"https:\/\/www.termonen.eu\/wp-content\/uploads\/2019\/02\/H\u00e4me-Uurainen-jne..pdf\">Uurainen, Saarij\u00e4rvi, Pylk\u00f6nm\u00e4ki, Karstula, Kivij\u00e4rvi, Pihtipudas, Viitasaari, Keitele,<br>Vesanto, Rautalampi, Hankasalmi, Sumiainen ja Konginkangas<\/a><br><strong><a href=\"http:\/\/www.lahtiseura.fi\/julkaisut\/heikki-luostarinen-lahti-vuonna-1976\/#:~:text=Mutta%20mit%C3%A4%20Lahdessa%20todella%20tapahtui%20lamavuonna%201976?%20Mit%C3%A4\" data-type=\"link\" data-id=\"http:\/\/www.lahtiseura.fi\/julkaisut\/heikki-luostarinen-lahti-vuonna-1976\/#:~:text=Mutta%20mit%C3%A4%20Lahdessa%20todella%20tapahtui%20lamavuonna%201976?%20Mit%C3%A4\">Heikki Luostarinen, Lahti v. 1976<\/a><\/strong><\/p>\n\n\n\n<p><a href=\"https:\/\/peda.net\/lahti\/koulut\/kirkonkylankoulu\/koulun-logo\/20170504_100831-jpg3\">Nastolan kirkonkyl\u00e4n kansakoulua<\/a> k\u00e4vin nelj\u00e4 luokkaa vuosina 1956-1960. Oppikouluun halusin. Mahkosen Iiron kanssa pyrimme <a href=\"https:\/\/lahdenlyseo.fi\/web\/\">Lahden lyseoon<\/a>. Se toimi poikakouluna vuoteen 1973.&nbsp; Muistan viel\u00e4kin p\u00e4\u00e4sykoepisteemme 64 ja 65. Aivan emme p\u00e4\u00e4sseet. Veimme paperit <a href=\"http:\/\/www.yksityiskoulut.fi\/yksityiskoulujenmatrikkeli\/salpausselan.htm\">Salpaussel\u00e4n Yhteiskouluun<\/a>.&nbsp;<br>P\u00e4\u00e4simme!<br>Minulla on tallella muutama \u00c4XY. Avaa hiiren oikealla uuteen v\u00e4lilehteen. Luettuasi sulje.<br><a href=\"https:\/\/www.termonen.eu\/wp-content\/uploads\/2018\/12\/\u00c4xy-1965-numero-1.pdf\">\u00c4XY 1965:1<\/a><br><a href=\"https:\/\/www.termonen.eu\/wp-content\/uploads\/2018\/12\/\u00c4xy-1965-numero-2.pdf\">\u00c4XY 1965:2<\/a><br><a href=\"https:\/\/www.termonen.eu\/wp-content\/uploads\/2018\/12\/\u00c4xy-1966-numero-2.pdf\">\u00c4XY 1966:2<\/a><br><a href=\"https:\/\/www.termonen.eu\/wp-content\/uploads\/2018\/12\/\u00c4xt-1968-numero-3.pdf\">\u00c4XY 1968:3<\/a><br><a href=\"https:\/\/www.termonen.eu\/wp-content\/uploads\/2018\/12\/\u00c4xy-1969-numero-1.pdf\">\u00c4XY 1969:1<\/a><br><a href=\"https:\/\/www.termonen.eu\/wp-content\/uploads\/2018\/12\/Opettajakronikat.pdf\">Opettajakronikat<\/a><\/p>\n\n\n\n<p><a href=\"https:\/\/www.termonen.eu\/wp-content\/uploads\/2020\/09\/Kaartilainen.pdf\">Kaartilainen N:o 2 \/5.4.1970<\/a><br><br><strong><a href=\"https:\/\/www.termonen.eu\/wp-content\/uploads\/2019\/01\/Kivij\u00e4rven-nimismiespiiri.pdf\">Kivij\u00e4rven&nbsp;nimismiespiiri&nbsp;1849-1996<\/a><\/strong><\/p>\n\n\n\n<p><a href=\"https:\/\/karsamaki.fi\/\">K\u00e4rs\u00e4m\u00e4ki <\/a>oli kotikuntana l\u00e4hes kaksi vuotta 1979-1981.<br><a href=\"https:\/\/www.termonen.eu\/wp-content\/uploads\/2018\/12\/K\u00e4rs\u00e4m\u00e4en-kunta-Tiedotuksia.pdf\">K\u00e4rs\u00e4m\u00e4en kunta : Tiedotuksia 1980:3<\/a><\/p>\n\n\n\n<p><a href=\"https:\/\/www.termonen.eu\/wp-content\/uploads\/2019\/01\/Helge-Rontu.pdf\">Helge Rontu, Lapsen muistelmia Punkasalmelta<\/a><br><a href=\"https:\/\/www.termonen.eu\/wp-content\/uploads\/2021\/05\/Punkaharjun-kunta-vuosina-1924-1973.pdf\">Punkaharjun kunta vuosina 1924-1973<\/a><br><a href=\"https:\/\/www.termonen.eu\/wp-content\/uploads\/2021\/05\/Punkaharjun-palveluhakemisto-1987-LC.pdf\">Punkaharjun palveluhakemisto 1987<\/a><\/p>\n\n\n\n<p>Vuosi 1985 oli kansainv\u00e4linen nuorisovuosi. Sen merkeiss\u00e4 j\u00e4rjestettiin kulttuurikilpailu. Saimme aikaiseksi kirjan <a href=\"https:\/\/www.termonen.eu\/wp-content\/uploads\/2018\/12\/Vahvat-Lasit.pdf\">Vahvat Lasit<\/a> (PDF-tiedoston koko 81 MB).<br><br><strong>Hein\u00e4vesi<\/strong><br><a href=\"https:\/\/www.termonen.eu\/wp-content\/uploads\/2021\/12\/Petruman-perinnetta.pdf\">Petruman perinnett\u00e4<\/a><\/p>\n","protected":false},"excerpt":{"rendered":"<p>Termonen lahtelaisissa sanomalehdiss\u00e4OSA 1 OSA 2 OSA 3 OSA 4 OSA 5 OSA 6 OSA 7 OSA 8 OSA 9 OSA 10 OSA 11OSA 12 Kirjahyllymme aarteita: Rapola, F. O. 1908. H\u00e4me. Helsinki: KansanvalistusseuraKartatVesist\u00f6tLammi, Hollola ja LahtiOrimattila, Nastola, Heinolan pit\u00e4j\u00e4 &hellip; <a href=\"https:\/\/www.termonen.eu\/?page_id=696\">Lue loppuun <span class=\"meta-nav\">&rarr;<\/span><\/a><\/p>\n","protected":false},"author":1,"featured_media":0,"parent":0,"menu_order":0,"comment_status":"closed","ping_status":"closed","template":"","meta":{"footnotes":""},"categories":[],"tags":[],"class_list":["post-696","page","type-page","status-publish","hentry"],"_links":{"self":[{"href":"https:\/\/www.termonen.eu\/index.php?rest_route=\/wp\/v2\/pages\/696","targetHints":{"allow":["GET"]}}],"collection":[{"href":"https:\/\/www.termonen.eu\/index.php?rest_route=\/wp\/v2\/pages"}],"about":[{"href":"https:\/\/www.termonen.eu\/index.php?rest_route=\/wp\/v2\/types\/page"}],"author":[{"embeddable":true,"href":"https:\/\/www.termonen.eu\/index.php?rest_route=\/wp\/v2\/users\/1"}],"replies":[{"embeddable":true,"href":"https:\/\/www.termonen.eu\/index.php?rest_route=%2Fwp%2Fv2%2Fcomments&post=696"}],"version-history":[{"count":46,"href":"https:\/\/www.termonen.eu\/index.php?rest_route=\/wp\/v2\/pages\/696\/revisions"}],"predecessor-version":[{"id":2667,"href":"https:\/\/www.termonen.eu\/index.php?rest_route=\/wp\/v2\/pages\/696\/revisions\/2667"}],"wp:attachment":[{"href":"https:\/\/www.termonen.eu\/index.php?rest_route=%2Fwp%2Fv2%2Fmedia&parent=696"}],"wp:term":[{"taxonomy":"category","embeddable":true,"href":"https:\/\/www.termonen.eu\/index.php?rest_route=%2Fwp%2Fv2%2Fcategories&post=696"},{"taxonomy":"post_tag","embeddable":true,"href":"https:\/\/www.termonen.eu\/index.php?rest_route=%2Fwp%2Fv2%2Ftags&post=696"}],"curies":[{"name":"wp","href":"https:\/\/api.w.org\/{rel}","templated":true}]}}