{"id":479,"date":"2018-10-22T17:35:56","date_gmt":"2018-10-22T14:35:56","guid":{"rendered":"http:\/\/www.termonen.eu\/?page_id=479"},"modified":"2020-12-16T18:59:19","modified_gmt":"2020-12-16T16:59:19","slug":"postia","status":"publish","type":"page","link":"https:\/\/www.termonen.eu\/?page_id=479","title":{"rendered":"Postia"},"content":{"rendered":"<p>T\u00e4lle sivulle tallennan n\u00e4ytteit\u00e4 tuhansista tallella olevista kirjeist\u00e4 ja korteista.<br \/>Jos joku kirjesalaisuuteen vedoten haluaa jonkun poistaa, tulee h\u00e4nen siit\u00e4 minulle ilmoittaa.<br \/><a href=\"https:\/\/www.termonen.eu\/wp-content\/uploads\/2020\/12\/Kirjeita-1941.pdf\"><strong>Kirjeit\u00e4 1941\u00a0<\/strong><\/a><br \/><strong><a href=\"https:\/\/www.termonen.eu\/wp-content\/uploads\/2020\/12\/Kirjeita-1942.pdf\">Kirjeit\u00e4 1942<\/a><br \/><a href=\"https:\/\/www.termonen.eu\/wp-content\/uploads\/2020\/12\/Kirjeita-1943.pdf\">Kirjeit\u00e4 1943<\/a><br \/><a href=\"https:\/\/www.termonen.eu\/wp-content\/uploads\/2020\/12\/Kirjeita-1944.pdf\">Kirjeit\u00e4 1944<\/a><br \/><a href=\"https:\/\/www.termonen.eu\/wp-content\/uploads\/2020\/12\/Hugo-Termonen-kirje-21.11.1949.pdf\">Kirje 21.11.1949<\/a><\/strong><\/p>\n<p><strong><a href=\"https:\/\/www.termonen.eu\/wp-content\/uploads\/2018\/10\/Kirjeit\u00e4-ja-kortteja-OSA-1.pdf\">Kirjeit\u00e4 ja kortteja OSA 1<\/a><\/strong><\/p>\n<p><strong><a href=\"https:\/\/www.termonen.eu\/wp-content\/uploads\/2018\/10\/Kirjeit\u00e4-ja-kortteja-OSA-2.pdf\">Kirjeit\u00e4 ja kortteja OSA 2<\/a><\/strong><\/p>\n<p><strong><a href=\"https:\/\/www.termonen.eu\/wp-content\/uploads\/2018\/10\/Kirjeit\u00e4-ja-kortteja-OSA-3.pdf\">Kirjeit\u00e4 ja kortteja OSA 3<\/a><\/strong><\/p>\n<p><strong><a href=\"https:\/\/www.termonen.eu\/wp-content\/uploads\/2018\/10\/Kirjeit\u00e4-ja-kortteja-OSA-4.pdf\">Kirjeit\u00e4 ja kortteja OSA 4<\/a><\/strong><\/p>\n<p><strong><a href=\"https:\/\/www.termonen.eu\/wp-content\/uploads\/2018\/10\/Kirjeit\u00e4-ja-kortteja-OSA-5.pdf\">Kirjeit\u00e4 ja kortteja OSA 5<\/a><\/strong><\/p>\n<p><strong><a href=\"https:\/\/www.termonen.eu\/wp-content\/uploads\/2018\/10\/Kirjeit\u00e4-ja-kortteja-OSA-6.pdf\">Kirjeit\u00e4 ja kortteja OSA 6<\/a><\/strong><\/p>\n<p><strong><a href=\"https:\/\/www.termonen.eu\/wp-content\/uploads\/2019\/01\/Punkaharju-postikortteja-2.pdf\">Punkaharju-postikortteja<\/a><\/strong><\/p>\n<p>Mummoni kirjeit\u00e4 Liisa-tytt\u00e4relleen:<strong><br \/><a href=\"https:\/\/www.termonen.eu\/wp-content\/uploads\/2019\/02\/Elina-R\u00f6ntynen-1.pdf\">Elina R\u00f6ntynen 1<\/a> (1964-1967)<\/strong><\/p>\n<p><strong><a href=\"https:\/\/www.termonen.eu\/wp-content\/uploads\/2019\/02\/Elina-R\u00f6ntynen-2.pdf\">Elina R\u00f6ntynen 2<\/a> (1967-1981)<\/strong><\/p>\n\n\n<p><\/p>\n","protected":false},"excerpt":{"rendered":"<p>T\u00e4lle sivulle tallennan n\u00e4ytteit\u00e4 tuhansista tallella olevista kirjeist\u00e4 ja korteista.Jos joku kirjesalaisuuteen vedoten haluaa jonkun poistaa, tulee h\u00e4nen siit\u00e4 minulle ilmoittaa.Kirjeit\u00e4 1941\u00a0Kirjeit\u00e4 1942Kirjeit\u00e4 1943Kirjeit\u00e4 1944Kirje 21.11.1949 Kirjeit\u00e4 ja kortteja OSA 1 Kirjeit\u00e4 ja kortteja OSA 2 Kirjeit\u00e4 ja kortteja OSA &hellip; <a href=\"https:\/\/www.termonen.eu\/?page_id=479\">Lue loppuun <span class=\"meta-nav\">&rarr;<\/span><\/a><\/p>\n","protected":false},"author":1,"featured_media":0,"parent":0,"menu_order":0,"comment_status":"closed","ping_status":"closed","template":"","meta":{"footnotes":""},"categories":[],"tags":[],"class_list":["post-479","page","type-page","status-publish","hentry"],"_links":{"self":[{"href":"https:\/\/www.termonen.eu\/index.php?rest_route=\/wp\/v2\/pages\/479","targetHints":{"allow":["GET"]}}],"collection":[{"href":"https:\/\/www.termonen.eu\/index.php?rest_route=\/wp\/v2\/pages"}],"about":[{"href":"https:\/\/www.termonen.eu\/index.php?rest_route=\/wp\/v2\/types\/page"}],"author":[{"embeddable":true,"href":"https:\/\/www.termonen.eu\/index.php?rest_route=\/wp\/v2\/users\/1"}],"replies":[{"embeddable":true,"href":"https:\/\/www.termonen.eu\/index.php?rest_route=%2Fwp%2Fv2%2Fcomments&post=479"}],"version-history":[{"count":19,"href":"https:\/\/www.termonen.eu\/index.php?rest_route=\/wp\/v2\/pages\/479\/revisions"}],"predecessor-version":[{"id":1517,"href":"https:\/\/www.termonen.eu\/index.php?rest_route=\/wp\/v2\/pages\/479\/revisions\/1517"}],"wp:attachment":[{"href":"https:\/\/www.termonen.eu\/index.php?rest_route=%2Fwp%2Fv2%2Fmedia&parent=479"}],"wp:term":[{"taxonomy":"category","embeddable":true,"href":"https:\/\/www.termonen.eu\/index.php?rest_route=%2Fwp%2Fv2%2Fcategories&post=479"},{"taxonomy":"post_tag","embeddable":true,"href":"https:\/\/www.termonen.eu\/index.php?rest_route=%2Fwp%2Fv2%2Ftags&post=479"}],"curies":[{"name":"wp","href":"https:\/\/api.w.org\/{rel}","templated":true}]}}