{"id":214,"date":"2018-09-19T19:32:48","date_gmt":"2018-09-19T16:32:48","guid":{"rendered":"http:\/\/www.termonen.eu\/?page_id=214"},"modified":"2019-11-13T19:05:29","modified_gmt":"2019-11-13T17:05:29","slug":"blogeja","status":"publish","type":"page","link":"https:\/\/www.termonen.eu\/?page_id=214","title":{"rendered":"Blogeja"},"content":{"rendered":"<p><strong>Asiat riidelk\u00f6\u00f6n, ei ihmiset.<\/strong><\/p>\n<p><a href=\"http:\/\/liandersson.fi\/category\/blogi\/\">Andersson, Li<\/a><\/p>\n<p><a href=\"https:\/\/www.thenation.com\/authors\/stephen-f-cohen\/\">Cohen, Stephen F.<\/a><\/p>\n<p><a href=\"http:\/\/heikinvaraventtiili.blogspot.com\/\">Heikin varaventtiili<\/a><\/p>\n<p><a href=\"http:\/\/kemppinen.blogspot.com\/\">Kemppinen, Jukka<\/a><\/p>\n<p><a href=\"http:\/\/kirjojenkuisketta.blogspot.com\/\">Kirjojen kuisketta<\/a><\/p>\n<p><a href=\"https:\/\/www.nytimes.com\/column\/paul-krugman\">Krugman, Paul<\/a><\/p>\n<p><a href=\"https:\/\/juhanikankanen.wordpress.com\/portfolio\/blogi\/\">K\u00e4nk\u00e4nen, Juhani<\/a><\/p>\n<p><a href=\"https:\/\/www.hannumakela.com\/mutinoita\/\">M\u00e4kel\u00e4, Hannu<\/a><\/p>\n<p><a href=\"http:\/\/timosoini.fi\/\">Soini, Timo<\/a><\/p>\n<p><a href=\"https:\/\/tuntematonhyllyttaja.wordpress.com\/author\/tuntematonhyllyttaja\/\">Tuntematon hyllytt\u00e4j\u00e4<\/a><\/p>\n<p><a href=\"https:\/\/tuomioja.org\/\">Tuomioja, Erkki<\/a><\/p>\n<p><a href=\"https:\/\/www.kirjastot.fi\/\"><strong>Tiedonhaku alkaa t\u00e4\u00e4lt\u00e4!<\/strong><\/a><\/p>\n","protected":false},"excerpt":{"rendered":"<p>Asiat riidelk\u00f6\u00f6n, ei ihmiset. Andersson, Li Cohen, Stephen F. Heikin varaventtiili Kemppinen, Jukka Kirjojen kuisketta Krugman, Paul K\u00e4nk\u00e4nen, Juhani M\u00e4kel\u00e4, Hannu Soini, Timo Tuntematon hyllytt\u00e4j\u00e4 Tuomioja, Erkki Tiedonhaku alkaa t\u00e4\u00e4lt\u00e4!<\/p>\n","protected":false},"author":1,"featured_media":0,"parent":0,"menu_order":0,"comment_status":"closed","ping_status":"closed","template":"","meta":{"footnotes":""},"categories":[],"tags":[],"class_list":["post-214","page","type-page","status-publish","hentry"],"_links":{"self":[{"href":"https:\/\/www.termonen.eu\/index.php?rest_route=\/wp\/v2\/pages\/214","targetHints":{"allow":["GET"]}}],"collection":[{"href":"https:\/\/www.termonen.eu\/index.php?rest_route=\/wp\/v2\/pages"}],"about":[{"href":"https:\/\/www.termonen.eu\/index.php?rest_route=\/wp\/v2\/types\/page"}],"author":[{"embeddable":true,"href":"https:\/\/www.termonen.eu\/index.php?rest_route=\/wp\/v2\/users\/1"}],"replies":[{"embeddable":true,"href":"https:\/\/www.termonen.eu\/index.php?rest_route=%2Fwp%2Fv2%2Fcomments&post=214"}],"version-history":[{"count":14,"href":"https:\/\/www.termonen.eu\/index.php?rest_route=\/wp\/v2\/pages\/214\/revisions"}],"predecessor-version":[{"id":1025,"href":"https:\/\/www.termonen.eu\/index.php?rest_route=\/wp\/v2\/pages\/214\/revisions\/1025"}],"wp:attachment":[{"href":"https:\/\/www.termonen.eu\/index.php?rest_route=%2Fwp%2Fv2%2Fmedia&parent=214"}],"wp:term":[{"taxonomy":"category","embeddable":true,"href":"https:\/\/www.termonen.eu\/index.php?rest_route=%2Fwp%2Fv2%2Fcategories&post=214"},{"taxonomy":"post_tag","embeddable":true,"href":"https:\/\/www.termonen.eu\/index.php?rest_route=%2Fwp%2Fv2%2Ftags&post=214"}],"curies":[{"name":"wp","href":"https:\/\/api.w.org\/{rel}","templated":true}]}}