{"id":2,"date":"2018-09-16T18:19:27","date_gmt":"2018-09-16T18:19:27","guid":{"rendered":"http:\/\/www.termonen.eu\/?page_id=2"},"modified":"2018-09-20T21:13:02","modified_gmt":"2018-09-20T18:13:02","slug":"about","status":"publish","type":"page","link":"https:\/\/www.termonen.eu\/?page_id=2","title":{"rendered":"Aluksi"},"content":{"rendered":"<p>Nimeni on<strong> Pekka Termonen<\/strong>, s. 1949 Lahdessa.\u00a0 \u00c4itini<strong> Ellen J\u00e4ntti<\/strong>\u00a0(<strong>A\u00a0<\/strong>Rautalammin Syv\u00e4j\u00e4rven -sukuhaaraa) syntyi Rautalammilla 29.7.1928 ja kuoli Helsingiss\u00e4 8.12.1975.<br \/>\nIs\u00e4ni <strong>Hugo Viktor Termonen<\/strong> syntyi Kivennavalla 14.12.1922 ja kuoli Nastolassa 13.2.1994.<\/p>\n","protected":false},"excerpt":{"rendered":"<p>Nimeni on Pekka Termonen, s. 1949 Lahdessa.\u00a0 \u00c4itini Ellen J\u00e4ntti\u00a0(A\u00a0Rautalammin Syv\u00e4j\u00e4rven -sukuhaaraa) syntyi Rautalammilla 29.7.1928 ja kuoli Helsingiss\u00e4 8.12.1975. Is\u00e4ni Hugo Viktor Termonen syntyi Kivennavalla 14.12.1922 ja kuoli Nastolassa 13.2.1994.<\/p>\n","protected":false},"author":1,"featured_media":0,"parent":0,"menu_order":0,"comment_status":"open","ping_status":"open","template":"","meta":{"footnotes":""},"categories":[],"tags":[],"class_list":["post-2","page","type-page","status-publish","hentry"],"_links":{"self":[{"href":"https:\/\/www.termonen.eu\/index.php?rest_route=\/wp\/v2\/pages\/2","targetHints":{"allow":["GET"]}}],"collection":[{"href":"https:\/\/www.termonen.eu\/index.php?rest_route=\/wp\/v2\/pages"}],"about":[{"href":"https:\/\/www.termonen.eu\/index.php?rest_route=\/wp\/v2\/types\/page"}],"author":[{"embeddable":true,"href":"https:\/\/www.termonen.eu\/index.php?rest_route=\/wp\/v2\/users\/1"}],"replies":[{"embeddable":true,"href":"https:\/\/www.termonen.eu\/index.php?rest_route=%2Fwp%2Fv2%2Fcomments&post=2"}],"version-history":[{"count":9,"href":"https:\/\/www.termonen.eu\/index.php?rest_route=\/wp\/v2\/pages\/2\/revisions"}],"predecessor-version":[{"id":248,"href":"https:\/\/www.termonen.eu\/index.php?rest_route=\/wp\/v2\/pages\/2\/revisions\/248"}],"wp:attachment":[{"href":"https:\/\/www.termonen.eu\/index.php?rest_route=%2Fwp%2Fv2%2Fmedia&parent=2"}],"wp:term":[{"taxonomy":"category","embeddable":true,"href":"https:\/\/www.termonen.eu\/index.php?rest_route=%2Fwp%2Fv2%2Fcategories&post=2"},{"taxonomy":"post_tag","embeddable":true,"href":"https:\/\/www.termonen.eu\/index.php?rest_route=%2Fwp%2Fv2%2Ftags&post=2"}],"curies":[{"name":"wp","href":"https:\/\/api.w.org\/{rel}","templated":true}]}}