{"id":169,"date":"2018-09-17T17:07:14","date_gmt":"2018-09-17T17:07:14","guid":{"rendered":"http:\/\/www.termonen.eu\/?page_id=169"},"modified":"2019-09-21T08:15:45","modified_gmt":"2019-09-21T05:15:45","slug":"kivennapa","status":"publish","type":"page","link":"https:\/\/www.termonen.eu\/?page_id=169","title":{"rendered":"Kivennapa"},"content":{"rendered":"<p><a href=\"https:\/\/www.termonen.eu\/wp-content\/uploads\/2018\/09\/IMG_20180321_0020.jpg\"><img loading=\"lazy\" decoding=\"async\" class=\"alignnone size-medium wp-image-253\" src=\"https:\/\/www.termonen.eu\/wp-content\/uploads\/2018\/09\/IMG_20180321_0020-300x211.jpg\" alt=\"\" width=\"300\" height=\"211\" srcset=\"https:\/\/www.termonen.eu\/wp-content\/uploads\/2018\/09\/IMG_20180321_0020-300x211.jpg 300w, https:\/\/www.termonen.eu\/wp-content\/uploads\/2018\/09\/IMG_20180321_0020-768x541.jpg 768w, https:\/\/www.termonen.eu\/wp-content\/uploads\/2018\/09\/IMG_20180321_0020-1024x721.jpg 1024w\" sizes=\"auto, (max-width: 300px) 100vw, 300px\" \/><\/a><br \/>\n<em>Kuva klikkaamalla suuremmaksi<\/em><\/p>\n<p><strong>HUOM!<\/strong> Kun avaat PDF-tiedoston linkkej\u00e4, k\u00e4yt\u00e4 hiiren oikeaa painiketta<br \/>\nja avaa uudessa ikkunassa tai v\u00e4lilehdess\u00e4. Kun olet lukenut linkin, sulje ikkuna. Nopeuttaa.<\/p>\n<p><a href=\"https:\/\/www.termonen.eu\/wp-content\/uploads\/2019\/09\/Uljas-Kiuru-Karvala-ja-Rasala.pdf\"><strong>Kiuru, Uljas: Karvala ja Rasala<\/strong><\/a><\/p>\n<p><a href=\"https:\/\/www.termonen.eu\/wp-content\/uploads\/2019\/09\/Kivennavan-Karvala-kartalla.pdf\"><strong>Kivennavan Karvala kartalla<\/strong><\/a> (ja hieman tietoa koulusta)<\/p>\n<p><strong><a href=\"https:\/\/www.termonen.eu\/wp-content\/uploads\/2018\/09\/Kuvia-Finnasta-ja-karttoja-OSA-1.pdf\">Kuvia Finnasta ja karttoja OSA 1<\/a><\/strong><\/p>\n<p><strong><a href=\"https:\/\/www.termonen.eu\/wp-content\/uploads\/2018\/09\/Kuvia-Finnasta-ja-karttoja-OSA-2.pdf\">Kuvia Finnasta ja karttoja OSA 2<\/a><\/strong><\/p>\n<p><a href=\"http:\/\/vanha.karjalanliitto.fi\/karjalan_liitto\/jasenyhdistyssivut\/entiset_kivennapalaiset_ry\">Entiset Kivennapalaiset ry<\/a><\/p>\n<p><a href=\"http:\/\/karvalakivennapa.blogspot.com\/\">Juha Termosen Kivennapa-blogi<\/a><\/p>\n<p><a href=\"https:\/\/www.luovutettukarjala.fi\/pitajat\/pitajaliitteet\/kivennapa.pdf\">Karjala-lehden Kivennapa-liite v. 1971<\/a><\/p>\n<p><a href=\"https:\/\/www.karjalanliitto.fi\/\">Karjalan Liitt0<\/a><\/p>\n<p><a href=\"https:\/\/fennica.linneanet.fi\/vwebv\/search?searchArg=Kivennapa&amp;searchCode=GKEY%5E*&amp;setLimit=1&amp;recCount=50&amp;searchType=1&amp;page.search.search.button=Hae\">Kivennapa<\/a> (Fennican aineistoluettelo)<\/p>\n<p><a href=\"https:\/\/www.facebook.com\/groups\/111207755567075\/\">Kivennapa-ryhm\u00e4<\/a> (Facebook)<\/p>\n<p><a href=\"http:\/\/www.kivennapaseura.fi\/\">Kivennapaseura<\/a><\/p>\n<p><a href=\"http:\/\/www.kivennapa.fi\/wiki\/index.php\/Kivennapa\">Kivennapa-Wiki<\/a><\/p>\n<p><a href=\"http:\/\/www.lahdenmuseot.fi\/kuka-mita-lahti\/kasitteet\/karjalaisten-kaupunki\/\">Lahti, karjalaisten kaupunki<\/a><\/p>\n<p><a href=\"https:\/\/www.luovutetunetelakarjalanpitajat.fi\/Pitajat\/Kivennapa\/Perustietoa\">Luovutetun Etel\u00e4-Karjalan pit\u00e4j\u00e4t<\/a><\/p>\n<p><a href=\"https:\/\/www.luovutettukarjala.fi\/\">Luovutettu Karjala<\/a><\/p>\n<p><a href=\"https:\/\/www.termonen.eu\/wp-content\/uploads\/2018\/10\/Maarekisteri-Karvala.pdf\">Maarekisteri Karvala<\/a><\/p>\n<p><a href=\"http:\/\/monivarinen.blogspot.com\/2013\/12\/tulkoon-ukko-vaikka-kivennavalta.html\">Tulkoon ukko vaikka Kivennavalta<\/a> (Kivennavan Kirjavaiset)<\/p>\n","protected":false},"excerpt":{"rendered":"<p>Kuva klikkaamalla suuremmaksi HUOM! Kun avaat PDF-tiedoston linkkej\u00e4, k\u00e4yt\u00e4 hiiren oikeaa painiketta ja avaa uudessa ikkunassa tai v\u00e4lilehdess\u00e4. Kun olet lukenut linkin, sulje ikkuna. Nopeuttaa. Kiuru, Uljas: Karvala ja Rasala Kivennavan Karvala kartalla (ja hieman tietoa koulusta) Kuvia Finnasta ja &hellip; <a href=\"https:\/\/www.termonen.eu\/?page_id=169\">Lue loppuun <span class=\"meta-nav\">&rarr;<\/span><\/a><\/p>\n","protected":false},"author":1,"featured_media":0,"parent":0,"menu_order":0,"comment_status":"closed","ping_status":"closed","template":"","meta":{"footnotes":""},"categories":[],"tags":[],"class_list":["post-169","page","type-page","status-publish","hentry"],"_links":{"self":[{"href":"https:\/\/www.termonen.eu\/index.php?rest_route=\/wp\/v2\/pages\/169","targetHints":{"allow":["GET"]}}],"collection":[{"href":"https:\/\/www.termonen.eu\/index.php?rest_route=\/wp\/v2\/pages"}],"about":[{"href":"https:\/\/www.termonen.eu\/index.php?rest_route=\/wp\/v2\/types\/page"}],"author":[{"embeddable":true,"href":"https:\/\/www.termonen.eu\/index.php?rest_route=\/wp\/v2\/users\/1"}],"replies":[{"embeddable":true,"href":"https:\/\/www.termonen.eu\/index.php?rest_route=%2Fwp%2Fv2%2Fcomments&post=169"}],"version-history":[{"count":33,"href":"https:\/\/www.termonen.eu\/index.php?rest_route=\/wp\/v2\/pages\/169\/revisions"}],"predecessor-version":[{"id":885,"href":"https:\/\/www.termonen.eu\/index.php?rest_route=\/wp\/v2\/pages\/169\/revisions\/885"}],"wp:attachment":[{"href":"https:\/\/www.termonen.eu\/index.php?rest_route=%2Fwp%2Fv2%2Fmedia&parent=169"}],"wp:term":[{"taxonomy":"category","embeddable":true,"href":"https:\/\/www.termonen.eu\/index.php?rest_route=%2Fwp%2Fv2%2Fcategories&post=169"},{"taxonomy":"post_tag","embeddable":true,"href":"https:\/\/www.termonen.eu\/index.php?rest_route=%2Fwp%2Fv2%2Ftags&post=169"}],"curies":[{"name":"wp","href":"https:\/\/api.w.org\/{rel}","templated":true}]}}