{"id":165,"date":"2018-09-17T15:34:32","date_gmt":"2018-09-17T15:34:32","guid":{"rendered":"http:\/\/www.termonen.eu\/?page_id=165"},"modified":"2025-08-09T23:34:15","modified_gmt":"2025-08-09T20:34:15","slug":"todistuksia-yms","status":"publish","type":"page","link":"https:\/\/www.termonen.eu\/?page_id=165","title":{"rendered":"Todistuksia yms."},"content":{"rendered":"<p><a href=\"https:\/\/www.termonen.eu\/wp-content\/uploads\/2018\/09\/Todistuksia-ym.-Ellen-ja-Hugo.pdf\">Todistuksia ym., Ellen ja Hugo<\/a><\/p>\n<p><a href=\"https:\/\/www.termonen.eu\/wp-content\/uploads\/2020\/11\/Kansakoulun-opintokieja-Pekka-Termonen.pdf\">Kansakoulun opintokirja<\/a>. Pekka Termonen, luokkakuvia ym.<br \/><a href=\"https:\/\/www.termonen.eu\/wp-content\/uploads\/2025\/08\/Maantietoa-IV-lk-1959-1960-Pekka-Termonen.pdf\">Maantietoa, Nastolan kirkonkyl\u00e4n kansakoulun IV lk<\/a><br \/><a href=\"https:\/\/www.termonen.eu\/wp-content\/uploads\/2021\/05\/Pekka-Termonen-Opintokirja-Jyvaskylan-Yliopisto-Helsingin-Yliopisto.pdf\">Jyv\u00e4skyl\u00e4n Yliopiston opintokirja 1970-1976<\/a><br \/><a href=\"https:\/\/www.termonen.eu\/wp-content\/uploads\/2023\/01\/Tampereen-yliopisto-Opintokirja-Pekka-Termonen.pdf\">Tampereen Yliopiston opintokirja 1977-1980<\/a><\/p>\n\n\n<p><\/p>\n","protected":false},"excerpt":{"rendered":"<p>Todistuksia ym., Ellen ja Hugo Kansakoulun opintokirja. Pekka Termonen, luokkakuvia ym.Maantietoa, Nastolan kirkonkyl\u00e4n kansakoulun IV lkJyv\u00e4skyl\u00e4n Yliopiston opintokirja 1970-1976Tampereen Yliopiston opintokirja 1977-1980<\/p>\n","protected":false},"author":1,"featured_media":0,"parent":0,"menu_order":0,"comment_status":"closed","ping_status":"closed","template":"","meta":{"footnotes":""},"categories":[],"tags":[],"class_list":["post-165","page","type-page","status-publish","hentry"],"_links":{"self":[{"href":"https:\/\/www.termonen.eu\/index.php?rest_route=\/wp\/v2\/pages\/165","targetHints":{"allow":["GET"]}}],"collection":[{"href":"https:\/\/www.termonen.eu\/index.php?rest_route=\/wp\/v2\/pages"}],"about":[{"href":"https:\/\/www.termonen.eu\/index.php?rest_route=\/wp\/v2\/types\/page"}],"author":[{"embeddable":true,"href":"https:\/\/www.termonen.eu\/index.php?rest_route=\/wp\/v2\/users\/1"}],"replies":[{"embeddable":true,"href":"https:\/\/www.termonen.eu\/index.php?rest_route=%2Fwp%2Fv2%2Fcomments&post=165"}],"version-history":[{"count":7,"href":"https:\/\/www.termonen.eu\/index.php?rest_route=\/wp\/v2\/pages\/165\/revisions"}],"predecessor-version":[{"id":2820,"href":"https:\/\/www.termonen.eu\/index.php?rest_route=\/wp\/v2\/pages\/165\/revisions\/2820"}],"wp:attachment":[{"href":"https:\/\/www.termonen.eu\/index.php?rest_route=%2Fwp%2Fv2%2Fmedia&parent=165"}],"wp:term":[{"taxonomy":"category","embeddable":true,"href":"https:\/\/www.termonen.eu\/index.php?rest_route=%2Fwp%2Fv2%2Fcategories&post=165"},{"taxonomy":"post_tag","embeddable":true,"href":"https:\/\/www.termonen.eu\/index.php?rest_route=%2Fwp%2Fv2%2Ftags&post=165"}],"curies":[{"name":"wp","href":"https:\/\/api.w.org\/{rel}","templated":true}]}}