{"id":1068,"date":"2019-12-30T19:59:08","date_gmt":"2019-12-30T17:59:08","guid":{"rendered":"http:\/\/www.termonen.eu\/?page_id=1068"},"modified":"2026-03-18T16:57:00","modified_gmt":"2026-03-18T14:57:00","slug":"pekka-termosen-paivakirjat","status":"publish","type":"page","link":"https:\/\/www.termonen.eu\/?page_id=1068","title":{"rendered":"Pekka Termosen p\u00e4iv\u00e4kirjat 1.6.1965-"},"content":{"rendered":"\n<p><strong><a href=\"https:\/\/www.termonen.eu\/wp-content\/uploads\/2019\/12\/P\u00e4iv\u00e4kirja-1965-Osa1.pdf\">P\u00e4iv\u00e4kirja 1.6.-31.8.1965<\/a> <br><a href=\"https:\/\/www.termonen.eu\/wp-content\/uploads\/2020\/01\/P\u00e4iv\u00e4kirja-1965-osa-2.pdf\">P\u00e4iv\u00e4kirja 1.9.-31.10.1965<\/a><\/strong> <br><strong><a href=\"https:\/\/www.termonen.eu\/wp-content\/uploads\/2020\/01\/P\u00e4iv\u00e4kirja-1965-osa-3.pdf\">P\u00e4iv\u00e4kirja 1.11.-31.12.1965<\/a><\/strong> <br><strong><a href=\"https:\/\/www.termonen.eu\/wp-content\/uploads\/2020\/01\/P\u00e4iv\u00e4kirja-1966-Osa-1.pdf\">P\u00e4iv\u00e4kirja 1.1.-28.2.1966<\/a><\/strong><br><strong><a href=\"https:\/\/www.termonen.eu\/wp-content\/uploads\/2020\/02\/P\u00e4iv\u00e4kirja-1966-Osa-2.pdf\">P\u00e4iv\u00e4kirja 1.3.-30.4.1966<\/a><\/strong><br><strong><a href=\"https:\/\/www.termonen.eu\/wp-content\/uploads\/2020\/02\/P\u00e4iv\u00e4kirja-1966-Osa-3.pdf\">P\u00e4iv\u00e4kirja 1.5.-30.6.1966<\/a><\/strong><br><strong><a href=\"https:\/\/www.termonen.eu\/wp-content\/uploads\/2020\/02\/P\u00e4iv\u00e4kirja-1966-Osa-4.pdf\">P\u00e4iv\u00e4kirja 1.7.-31.8.1966<\/a><\/strong><br><strong><a href=\"https:\/\/www.termonen.eu\/wp-content\/uploads\/2020\/03\/P\u00e4iv\u00e4kirja-1966-Osa-5.pdf\">P\u00e4iv\u00e4kirja 1.9.-31.10.1966<\/a><\/strong><br><strong><a href=\"https:\/\/www.termonen.eu\/wp-content\/uploads\/2020\/03\/P\u00e4iv\u00e4kirja-1966-Osa-6.pdf\">P\u00e4iv\u00e4kirja 1.11.-31.12.1966<\/a><\/strong><br><strong><a href=\"https:\/\/www.termonen.eu\/wp-content\/uploads\/2020\/03\/P\u00e4iv\u00e4kirja-1967-Osa-1.pdf\">P\u00e4iv\u00e4kirja 1.1.-28.2.1967<\/a><\/strong><br><strong><a href=\"https:\/\/www.termonen.eu\/wp-content\/uploads\/2020\/03\/P\u00e4iv\u00e4kirja-1967-Osa-2.pdf\">P\u00e4iv\u00e4kirja 1.3.-30.4.1967<\/a><\/strong><br><strong><a href=\"https:\/\/www.termonen.eu\/wp-content\/uploads\/2020\/04\/P\u00e4iv\u00e4kirja-1967-Osa-3.pdf\">P\u00e4iv\u00e4kirja 1.5.-30.6.1967<\/a><\/strong><br><strong><a href=\"https:\/\/www.termonen.eu\/wp-content\/uploads\/2020\/04\/P\u00e4iv\u00e4kirja-1967-Osa-4.pdf\">P\u00e4iv\u00e4kirja 1.7.-31.8.1967<\/a><\/strong><br><strong><a href=\"https:\/\/www.termonen.eu\/wp-content\/uploads\/2020\/04\/P\u00e4iv\u00e4kirja-1967-Osa-5.pdf\">P\u00e4iv\u00e4kirja 1.9.-31.10.1967<\/a><\/strong><br><strong><a href=\"https:\/\/www.termonen.eu\/wp-content\/uploads\/2020\/05\/P\u00e4iv\u00e4kirja-1967-Osa-6.pdf\">P\u00e4iv\u00e4kirja 1.11.-31.12.1967<\/a><\/strong><br><strong><a href=\"https:\/\/www.termonen.eu\/wp-content\/uploads\/2020\/05\/P\u00e4iv\u00e4kirja-1968-osa-1.pdf\">P\u00e4iv\u00e4kirja 1.1.-29.2.1968<\/a><\/strong><br><strong><a href=\"https:\/\/www.termonen.eu\/wp-content\/uploads\/2020\/06\/P\u00e4iv\u00e4kirja-1968-Osa-2.pdf\">P\u00e4iv\u00e4kirja 1.3.-30.4.1968<\/a><\/strong><br><a href=\"https:\/\/www.termonen.eu\/wp-content\/uploads\/2020\/07\/P\u00e4iv\u00e4kirja-1968-Osa-3.pdf\"><strong>P\u00e4iv\u00e4kirja 1.5.-30.6.1968<\/strong><\/a><br><strong><a href=\"https:\/\/www.termonen.eu\/wp-content\/uploads\/2020\/07\/P\u00e4iv\u00e4kirja-1968-Osa-4.pdf\">P\u00e4iv\u00e4kirja 1.7.-31.8.1968<\/a><\/strong><br><strong><a href=\"https:\/\/www.termonen.eu\/wp-content\/uploads\/2020\/07\/P\u00e4iv\u00e4kirja-1968-Osa-5.pdf\">P\u00e4iv\u00e4kirja 1.9.-31.10.1968<\/a><\/strong><br><strong><a href=\"https:\/\/www.termonen.eu\/wp-content\/uploads\/2020\/07\/P\u00e4iv\u00e4kirja-1968-Osa-6.pdf\">P\u00e4iv\u00e4kirja 1.11.-31.12.1968<\/a><\/strong><br><strong><a href=\"https:\/\/www.termonen.eu\/wp-content\/uploads\/2020\/07\/P\u00e4iv\u00e4kirja-1969-Osa-1.pdf\">P\u00e4iv\u00e4kirja 1.1.-28.2.1969<\/a><\/strong><br><strong><a href=\"https:\/\/www.termonen.eu\/wp-content\/uploads\/2020\/08\/P\u00e4iv\u00e4kirja-1969-Osa-2.pdf\">P\u00e4iv\u00e4kirja 1.3.-30.4.1969<\/a><\/strong><br><strong><a href=\"https:\/\/www.termonen.eu\/wp-content\/uploads\/2020\/08\/P\u00e4iv\u00e4kirja-1969-Osa-3.pdf\">P\u00e4iv\u00e4kirja 1.5.-30.6.1969<\/a><\/strong><br><strong><a href=\"https:\/\/www.termonen.eu\/wp-content\/uploads\/2020\/09\/Paivakirja-1969-Osa-4.pdf\">P\u00e4iv\u00e4kirja 1.7.-31.8.1969<\/a><\/strong><br><strong><a href=\"https:\/\/www.termonen.eu\/wp-content\/uploads\/2020\/09\/Paivakirja-1969-Osa-5.pdf\">P\u00e4iv\u00e4kirja 1.9.-31.10.1969<\/a><\/strong><br><strong><a href=\"https:\/\/www.termonen.eu\/wp-content\/uploads\/2020\/09\/Paivakirja-1969-Osa-6.pdf\">P\u00e4iv\u00e4kirja 1.11.-31.12.1969<\/a><\/strong><br><strong><a href=\"https:\/\/www.termonen.eu\/wp-content\/uploads\/2020\/09\/Paivakirja-1970-Osa-1.pdf\">P\u00e4iv\u00e4kirja 1.1.-28.2.1970<\/a><\/strong><br><strong><a href=\"https:\/\/www.termonen.eu\/wp-content\/uploads\/2020\/10\/Paivakirja-1970-Osa-2.pdf\">P\u00e4iv\u00e4kirja 1.3.-30.4.1970<\/a><\/strong><br><strong><a href=\"https:\/\/www.termonen.eu\/wp-content\/uploads\/2020\/10\/Paivakirja-1970-Osa-3.pdf\">P\u00e4iv\u00e4kirja 1.5.-30.6.1970<\/a><\/strong><br><strong><a href=\"https:\/\/www.termonen.eu\/wp-content\/uploads\/2020\/10\/Paivakirja-1970-Osa-4.pdf\">P\u00e4iv\u00e4kirja 1.7.-31.8.1970<\/a><\/strong><br><strong><a href=\"https:\/\/www.termonen.eu\/wp-content\/uploads\/2020\/11\/Paivakirja-1970-Osa-5.pdf\">P\u00e4iv\u00e4kirja 1.9.-31.10.1970<\/a><\/strong><br><strong><a href=\"https:\/\/www.termonen.eu\/wp-content\/uploads\/2020\/11\/Paivakirja-1970-Osa-6.pdf\">P\u00e4iv\u00e4kirja 1.11.-31.12.1970<\/a><\/strong><br><strong><a href=\"https:\/\/www.termonen.eu\/wp-content\/uploads\/2021\/01\/Paivakirja-1971-Osa-1.pdf\">P\u00e4iv\u00e4kirja 1.1.-28.2.1971<\/a><\/strong><br><br><strong><a href=\"https:\/\/www.termonen.eu\/wp-content\/uploads\/2026\/02\/Lenkit-1975.pdf\">Lenkit 1975 (v\u00e4h\u00e4n muutakin)<\/a><\/strong><br><strong><a href=\"https:\/\/www.termonen.eu\/wp-content\/uploads\/2026\/03\/Lenkit-1976.pdf\">Lenkit 1976<\/a><\/strong><br><strong><a href=\"https:\/\/www.termonen.eu\/wp-content\/uploads\/2026\/03\/Lenkit-1977.pdf\">Lenkit 1977<\/a><\/strong><br><br><strong><a href=\"https:\/\/www.termonen.eu\/wp-content\/uploads\/2020\/01\/Juttuja.pdf\">Juttuja<\/a><\/strong> (kelanauhurini \u00e4\u00e4nitteit\u00e4, mainitsen usein p\u00e4iv\u00e4kirjoissani)<br><strong>Avaa \u00e4\u00e4nitteet uuteen ikkunaan<\/strong>, jotta voit seurata sis\u00e4lt\u00f6\u00e4 n\u00e4yt\u00f6lt\u00e4.<br><strong><a href=\"https:\/\/www.termonen.eu\/wp-content\/uploads\/2021\/07\/Party-Book.pdf\">Party Book<\/a><\/strong><br><a href=\"https:\/\/www.termonen.eu\/wp-content\/uploads\/2024\/10\/Pekab-laksiaiset-19.-20.8.1967.pdf\" data-type=\"link\" data-id=\"https:\/\/www.termonen.eu\/wp-content\/uploads\/2024\/10\/Pekab-laksiaiset-19.-20.8.1967.pdf\"><strong>Pekan l\u00e4ksi\u00e4iset 19.-20.8.1967<\/strong> <strong>+ kauppa 10 v. 1.4.1965<\/strong><\/a><br><strong><a href=\"https:\/\/www.termonen.eu\/wp-content\/uploads\/2020\/04\/Kirjeit\u00e4.-Syyskuu-ja-lokakuu-1967.pdf\">Kirjeit\u00e4. Syyskuu ja lokakuu 1967<\/a><\/strong><br><strong><a href=\"https:\/\/www.termonen.eu\/wp-content\/uploads\/2020\/05\/Kirjeit\u00e4.-Marraskuu-ja-joulukuu-1967.pdf\">Kirjeit\u00e4. Marraskuu ja joulukuu 1967<\/a><\/strong><br><strong><a href=\"https:\/\/www.termonen.eu\/wp-content\/uploads\/2020\/05\/Kirjeit\u00e4.-Tammikuu-ja-helmikuu-1968.pdf\">Kirjeit\u00e4. Tammikuu ja helmikuu 1968<\/a><\/strong><br><strong><a href=\"https:\/\/www.termonen.eu\/wp-content\/uploads\/2020\/05\/Kirjeit\u00e4.-Maaliskuu-ja-huhtikuu-1968.pdf\">Kirjeit\u00e4. Maaliskuu ja huhtikuu 1968<\/a><\/strong><br><strong><a href=\"https:\/\/www.termonen.eu\/wp-content\/uploads\/2020\/07\/Kirjeit\u00e4.-Toukokuu-ja-kes\u00e4kuu-1968.pdf\">Kirjeit\u00e4. Toukokuu ja kes\u00e4kuu 1968<\/a><\/strong><br><strong><a href=\"https:\/\/www.termonen.eu\/wp-content\/uploads\/2020\/07\/Kirjeit\u00e4.-Hein\u00e4kuu-ja-elokuu-1968.pdf\">Kirjeit\u00e4. Hein\u00e4kuu ja elokuu 1968<\/a><\/strong><br><strong><a href=\"https:\/\/www.termonen.eu\/wp-content\/uploads\/2020\/08\/Kirjeit\u00e4.-Syyskuu-joulukuu-1968.pdf\">Kirjeit\u00e4. Syyskuu &#8211; joulukuu 1968<\/a><\/strong><br><strong><a href=\"https:\/\/www.termonen.eu\/wp-content\/uploads\/2020\/08\/Kirjeit\u00e4-1969.pdf\">Kirjeit\u00e4 1969<\/a><\/strong><br><strong><a href=\"https:\/\/www.termonen.eu\/wp-content\/uploads\/2020\/11\/Kirjeita-1970-1.pdf\">Kirjeit\u00e4 1970<\/a><\/strong><br><br><strong><a href=\"https:\/\/www.termonen.eu\/wp-content\/uploads\/2020\/09\/Salpausselan-Yhteiskoulu-1960-1961.pdf\">Salpaussel\u00e4n Yhteiskoulu 1960-1961<\/a><\/strong><br><strong><a href=\"https:\/\/www.termonen.eu\/wp-content\/uploads\/2020\/09\/Salpausselan-Yhteiskoulu-1961-1962.pdf\">Salpaussel\u00e4n Yhteiskoulu 1961-1962<\/a><\/strong><br><strong><a href=\"https:\/\/www.termonen.eu\/wp-content\/uploads\/2020\/11\/Salpausselan-Yhteiskoulu-1962-1963.pdf\">Salpaussel\u00e4n Yhteiskoulu 1962-1963<\/a><\/strong><br><strong><a href=\"https:\/\/www.termonen.eu\/wp-content\/uploads\/2020\/11\/Salpausselan-Yhteiskoulu-1963-1964.pdf\">Salpaussel\u00e4n Yhteiskoulu 1963-1964<\/a><\/strong><br><strong><a href=\"https:\/\/www.termonen.eu\/wp-content\/uploads\/2020\/11\/Salpausselan-Yhteiskoulu-1964-1965.pdf\">Salpaussel\u00e4n Yhteiskoulu 1964-1965<\/a><\/strong><br><strong><a href=\"https:\/\/www.termonen.eu\/wp-content\/uploads\/2020\/01\/Salpaussel\u00e4n-Yhteiskoulu-1965-1966.pdf\">Salpaussel\u00e4n Yhteiskoulu 1965-1966<\/a><\/strong><br><strong><a href=\"https:\/\/www.termonen.eu\/wp-content\/uploads\/2020\/01\/Salpaussel\u00e4n-Yhteiskoulu-1966-1967.pdf\">Salpaussel\u00e4n Yhteiskoulu 1966-1967<\/a><\/strong><br><strong><a href=\"https:\/\/www.termonen.eu\/wp-content\/uploads\/2020\/01\/Salpaussel\u00e4n-Yhteiskoulu-1967-1968.pdf\">Salpaussel\u00e4n Yhteiskoulu 1967-1968<\/a><\/strong><br><strong><a href=\"https:\/\/www.termonen.eu\/wp-content\/uploads\/2020\/02\/Salpaussel\u00e4n-Yhteiskoulu-1968-1969.pdf\">Salpaussel\u00e4n Yhteiskoulu 1968-1969<\/a><\/strong><br><br><strong><a href=\"https:\/\/www.termonen.eu\/wp-content\/uploads\/2020\/08\/Pekka-py\u00f6r\u00e4ilee-1971.pdf\">Pekka py\u00f6r\u00e4ilee 1971<\/a><\/strong><br><br>Minulla on tallella muutama \u00c4XY. Avaa hiiren oikealla uuteen v\u00e4lilehteen. Luettuasi sulje.<br><a href=\"https:\/\/www.termonen.eu\/wp-content\/uploads\/2018\/12\/%C3%84xy-1965-numero-1.pdf\">\u00c4XY 1965:1<\/a><br><a href=\"https:\/\/www.termonen.eu\/wp-content\/uploads\/2018\/12\/%C3%84xy-1965-numero-2.pdf\">\u00c4XY 1965:2<\/a><br><a href=\"https:\/\/www.termonen.eu\/wp-content\/uploads\/2018\/12\/%C3%84xy-1966-numero-2.pdf\">\u00c4XY 1966:2<\/a><br><a href=\"https:\/\/www.termonen.eu\/wp-content\/uploads\/2018\/12\/%C3%84xt-1968-numero-3.pdf\">\u00c4XY 1968:3<\/a><br><a href=\"https:\/\/www.termonen.eu\/wp-content\/uploads\/2018\/12\/%C3%84xy-1969-numero-1.pdf\">\u00c4XY 1969:1<\/a><br><a href=\"https:\/\/www.termonen.eu\/wp-content\/uploads\/2025\/09\/AXY-keva-1969.pdf\">\u00c4XY kev\u00e4t 1969<\/a><br><a href=\"https:\/\/www.termonen.eu\/wp-content\/uploads\/2018\/12\/Opettajakronikat.pdf\">Opettajakronikat<\/a><br><\/p>\n\n\n\n<p><br><br><\/p>\n","protected":false},"excerpt":{"rendered":"<p>P\u00e4iv\u00e4kirja 1.6.-31.8.1965 P\u00e4iv\u00e4kirja 1.9.-31.10.1965 P\u00e4iv\u00e4kirja 1.11.-31.12.1965 P\u00e4iv\u00e4kirja 1.1.-28.2.1966P\u00e4iv\u00e4kirja 1.3.-30.4.1966P\u00e4iv\u00e4kirja 1.5.-30.6.1966P\u00e4iv\u00e4kirja 1.7.-31.8.1966P\u00e4iv\u00e4kirja 1.9.-31.10.1966P\u00e4iv\u00e4kirja 1.11.-31.12.1966P\u00e4iv\u00e4kirja 1.1.-28.2.1967P\u00e4iv\u00e4kirja 1.3.-30.4.1967P\u00e4iv\u00e4kirja 1.5.-30.6.1967P\u00e4iv\u00e4kirja 1.7.-31.8.1967P\u00e4iv\u00e4kirja 1.9.-31.10.1967P\u00e4iv\u00e4kirja 1.11.-31.12.1967P\u00e4iv\u00e4kirja 1.1.-29.2.1968P\u00e4iv\u00e4kirja 1.3.-30.4.1968P\u00e4iv\u00e4kirja 1.5.-30.6.1968P\u00e4iv\u00e4kirja 1.7.-31.8.1968P\u00e4iv\u00e4kirja 1.9.-31.10.1968P\u00e4iv\u00e4kirja 1.11.-31.12.1968P\u00e4iv\u00e4kirja 1.1.-28.2.1969P\u00e4iv\u00e4kirja 1.3.-30.4.1969P\u00e4iv\u00e4kirja 1.5.-30.6.1969P\u00e4iv\u00e4kirja 1.7.-31.8.1969P\u00e4iv\u00e4kirja 1.9.-31.10.1969P\u00e4iv\u00e4kirja 1.11.-31.12.1969P\u00e4iv\u00e4kirja 1.1.-28.2.1970P\u00e4iv\u00e4kirja 1.3.-30.4.1970P\u00e4iv\u00e4kirja 1.5.-30.6.1970P\u00e4iv\u00e4kirja 1.7.-31.8.1970P\u00e4iv\u00e4kirja 1.9.-31.10.1970P\u00e4iv\u00e4kirja 1.11.-31.12.1970P\u00e4iv\u00e4kirja 1.1.-28.2.1971 Lenkit 1975 &hellip; <a href=\"https:\/\/www.termonen.eu\/?page_id=1068\">Lue loppuun <span class=\"meta-nav\">&rarr;<\/span><\/a><\/p>\n","protected":false},"author":1,"featured_media":0,"parent":0,"menu_order":0,"comment_status":"closed","ping_status":"closed","template":"","meta":{"footnotes":""},"categories":[],"tags":[],"class_list":["post-1068","page","type-page","status-publish","hentry"],"_links":{"self":[{"href":"https:\/\/www.termonen.eu\/index.php?rest_route=\/wp\/v2\/pages\/1068","targetHints":{"allow":["GET"]}}],"collection":[{"href":"https:\/\/www.termonen.eu\/index.php?rest_route=\/wp\/v2\/pages"}],"about":[{"href":"https:\/\/www.termonen.eu\/index.php?rest_route=\/wp\/v2\/types\/page"}],"author":[{"embeddable":true,"href":"https:\/\/www.termonen.eu\/index.php?rest_route=\/wp\/v2\/users\/1"}],"replies":[{"embeddable":true,"href":"https:\/\/www.termonen.eu\/index.php?rest_route=%2Fwp%2Fv2%2Fcomments&post=1068"}],"version-history":[{"count":72,"href":"https:\/\/www.termonen.eu\/index.php?rest_route=\/wp\/v2\/pages\/1068\/revisions"}],"predecessor-version":[{"id":2912,"href":"https:\/\/www.termonen.eu\/index.php?rest_route=\/wp\/v2\/pages\/1068\/revisions\/2912"}],"wp:attachment":[{"href":"https:\/\/www.termonen.eu\/index.php?rest_route=%2Fwp%2Fv2%2Fmedia&parent=1068"}],"wp:term":[{"taxonomy":"category","embeddable":true,"href":"https:\/\/www.termonen.eu\/index.php?rest_route=%2Fwp%2Fv2%2Fcategories&post=1068"},{"taxonomy":"post_tag","embeddable":true,"href":"https:\/\/www.termonen.eu\/index.php?rest_route=%2Fwp%2Fv2%2Ftags&post=1068"}],"curies":[{"name":"wp","href":"https:\/\/api.w.org\/{rel}","templated":true}]}}